{"id":12,"date":"2023-09-06T20:19:27","date_gmt":"2023-09-06T18:19:27","guid":{"rendered":"https:\/\/daniele-joly-peintre.com\/?page_id=12"},"modified":"2023-11-03T20:27:31","modified_gmt":"2023-11-03T19:27:31","slug":"poesie","status":"publish","type":"page","link":"https:\/\/daniele-joly-peintre.com\/?page_id=12","title":{"rendered":"Po\u00e9sie et Peinture"},"content":{"rendered":"\n<div class=\"wp-block-columns is-layout-flex wp-container-core-columns-is-layout-9d6595d7 wp-block-columns-is-layout-flex\">\n<div class=\"wp-block-column is-layout-flow wp-block-column-is-layout-flow\" style=\"flex-basis:20%\">\n<p>LA GRANDE BLEUE<\/p>\n<\/div>\n\n\n\n<div class=\"wp-block-column is-layout-flow wp-block-column-is-layout-flow\">\n<figure class=\"wp-block-image size-large\"><a class=\"lightbox\" href=\"https:\/\/daniele-joly-peintre.com\/wp-content\/uploads\/2023\/10\/la-grande-bleue-3.jpg\" rel=\"lightbox\"><img loading=\"lazy\" decoding=\"async\" width=\"1024\" height=\"837\" src=\"https:\/\/daniele-joly-peintre.com\/wp-content\/uploads\/2023\/10\/la-grande-bleue-3-1024x837.jpg\" alt=\"\" class=\"wp-image-495\" style=\"object-fit:cover\" srcset=\"https:\/\/daniele-joly-peintre.com\/wp-content\/uploads\/2023\/10\/la-grande-bleue-3-1024x837.jpg 1024w, https:\/\/daniele-joly-peintre.com\/wp-content\/uploads\/2023\/10\/la-grande-bleue-3-300x245.jpg 300w, https:\/\/daniele-joly-peintre.com\/wp-content\/uploads\/2023\/10\/la-grande-bleue-3-768x628.jpg 768w, https:\/\/daniele-joly-peintre.com\/wp-content\/uploads\/2023\/10\/la-grande-bleue-3-245x200.jpg 245w, https:\/\/daniele-joly-peintre.com\/wp-content\/uploads\/2023\/10\/la-grande-bleue-3.jpg 1467w\" sizes=\"auto, (max-width: 1024px) 100vw, 1024px\" \/><\/a><\/figure>\n<\/div>\n\n\n\n<div class=\"wp-block-column is-layout-flow wp-block-column-is-layout-flow\" style=\"flex-basis:35%\">\n<p>Je navigue joyeusement<br>dans l&rsquo;oc\u00e9an de l&rsquo;existence<br>tout me nourrit<br>et tout me berce<br>la fluidit\u00e9 de cette mer<br>quand je remue dans son doux ventre<br>ou la coul\u00e9e le long du fleuve<br>une myst\u00e9rieuse vie<br>qui me p\u00e9n\u00e8tre lentement<br>dans une joie paisible<br>l&rsquo;apaisement le long des rives<br>et du bonheur le long des r\u00eaves<br>dans une \u00e9ternit\u00e9 de temps.<\/p>\n\n\n\n<p><\/p>\n<\/div>\n<\/div>\n\n\n\n<hr class=\"wp-block-separator has-text-color has-accent-2-color has-alpha-channel-opacity has-accent-2-background-color has-background is-style-dots\"\/>\n\n\n\n<div class=\"wp-block-columns is-layout-flex wp-container-core-columns-is-layout-9d6595d7 wp-block-columns-is-layout-flex\">\n<div class=\"wp-block-column is-layout-flow wp-block-column-is-layout-flow\" style=\"flex-basis:20%\">\n<p>AURORE<\/p>\n<\/div>\n\n\n\n<div class=\"wp-block-column is-layout-flow wp-block-column-is-layout-flow\">\n<figure class=\"wp-block-image size-full is-resized\"><a class=\"lightbox\" href=\"https:\/\/daniele-joly-peintre.com\/wp-content\/uploads\/2023\/09\/aurore2.jpg\" rel=\"lightbox\"><img loading=\"lazy\" decoding=\"async\" width=\"689\" height=\"1005\" src=\"https:\/\/daniele-joly-peintre.com\/wp-content\/uploads\/2023\/09\/aurore2.jpg\" alt=\"\" class=\"wp-image-388\" style=\"width:undefinedpx\" srcset=\"https:\/\/daniele-joly-peintre.com\/wp-content\/uploads\/2023\/09\/aurore2.jpg 689w, https:\/\/daniele-joly-peintre.com\/wp-content\/uploads\/2023\/09\/aurore2-206x300.jpg 206w, https:\/\/daniele-joly-peintre.com\/wp-content\/uploads\/2023\/09\/aurore2-137x200.jpg 137w\" sizes=\"auto, (max-width: 689px) 100vw, 689px\" \/><\/a><\/figure>\n<\/div>\n\n\n\n<div class=\"wp-block-column is-layout-flow wp-block-column-is-layout-flow\" style=\"flex-basis:35%\">\n<p>Envoie nous o ciel de bonnes pluies<br>nuages , arrosez \u2013nous<br>de goutes , d\u2019averses,<br>de myriades joyeuses<br>d\u00e9goulinez sur les t\u00eates<br>les herbes , les fleurs , les arbres, les b\u00eates <br>ensemencez la nature de notre verte plan\u00e8te<br>r\u00e9jouissez les animaux<br>et faites pousser plein de graines<br>comme les magiciens sortant de leurs manches<br>des envol\u00e9es de fleurs<br>des cr\u00e9atures vivantes et magnifiques.<\/p>\n\n\n\n<p> <\/p>\n\n\n\n<p><\/p>\n\n\n\n<p><\/p>\n\n\n\n<p><\/p>\n<\/div>\n<\/div>\n\n\n\n<hr class=\"wp-block-separator has-text-color has-accent-2-color has-alpha-channel-opacity has-accent-2-background-color has-background is-style-dots\"\/>\n\n\n\n<div class=\"wp-block-columns is-layout-flex wp-container-core-columns-is-layout-9d6595d7 wp-block-columns-is-layout-flex\">\n<div class=\"wp-block-column is-layout-flow wp-block-column-is-layout-flow\" style=\"flex-basis:20%\">\n<p>SURFING THE SKY<\/p>\n<\/div>\n\n\n\n<div class=\"wp-block-column is-layout-flow wp-block-column-is-layout-flow\">\n<figure class=\"wp-block-image size-large is-resized\"><a class=\"lightbox\" href=\"https:\/\/daniele-joly-peintre.com\/wp-content\/uploads\/2023\/10\/surfing-the-sky-01.jpg\" rel=\"lightbox\"><img loading=\"lazy\" decoding=\"async\" width=\"835\" height=\"1024\" src=\"https:\/\/daniele-joly-peintre.com\/wp-content\/uploads\/2023\/10\/surfing-the-sky-01-835x1024.jpg\" alt=\"\" class=\"wp-image-682\" style=\"width:undefinedpx\" srcset=\"https:\/\/daniele-joly-peintre.com\/wp-content\/uploads\/2023\/10\/surfing-the-sky-01-835x1024.jpg 835w, https:\/\/daniele-joly-peintre.com\/wp-content\/uploads\/2023\/10\/surfing-the-sky-01-245x300.jpg 245w, https:\/\/daniele-joly-peintre.com\/wp-content\/uploads\/2023\/10\/surfing-the-sky-01-768x941.jpg 768w, https:\/\/daniele-joly-peintre.com\/wp-content\/uploads\/2023\/10\/surfing-the-sky-01-163x200.jpg 163w, https:\/\/daniele-joly-peintre.com\/wp-content\/uploads\/2023\/10\/surfing-the-sky-01.jpg 979w\" sizes=\"auto, (max-width: 835px) 100vw, 835px\" \/><\/a><\/figure>\n<\/div>\n\n\n\n<div class=\"wp-block-column is-layout-flow wp-block-column-is-layout-flow\" style=\"flex-basis:35%\">\n<p>Surfer dans l&rsquo;eau des mers<br>surfer dans l&rsquo;eau du ciel<br>naviguer joyeusement dans les vagues<br>ces eaux douces ou terribles<br>nous entrainent dans leurs tourbillons<br>dangereux mais superbes<br>absents nous les supplions de venir<br>violents nous craignons leurs col\u00e8res<br>mais entre douceur et terreur<br>nous acceptons un jeu terrible<br>qui nous fait balancer<br>entre la disparition et la vie<br>entre enfer et paradis.<\/p>\n\n\n\n<p><\/p>\n<\/div>\n<\/div>\n\n\n\n<hr class=\"wp-block-separator has-text-color has-accent-2-color has-alpha-channel-opacity has-accent-2-background-color has-background is-style-dots\"\/>\n\n\n\n<div class=\"wp-block-columns is-layout-flex wp-container-core-columns-is-layout-9d6595d7 wp-block-columns-is-layout-flex\">\n<div class=\"wp-block-column is-layout-flow wp-block-column-is-layout-flow\" style=\"flex-basis:20%\">\n<p>A WONDERFULL WORLD<\/p>\n<\/div>\n\n\n\n<div class=\"wp-block-column is-layout-flow wp-block-column-is-layout-flow\">\n<figure class=\"wp-block-image size-large is-resized\"><a class=\"lightbox\" href=\"https:\/\/daniele-joly-peintre.com\/wp-content\/uploads\/2023\/10\/wonderfull-world.jpg\" rel=\"lightbox\"><img loading=\"lazy\" decoding=\"async\" width=\"738\" height=\"1024\" src=\"https:\/\/daniele-joly-peintre.com\/wp-content\/uploads\/2023\/10\/wonderfull-world-738x1024.jpg\" alt=\"\" class=\"wp-image-684\" style=\"width:undefinedpx\" srcset=\"https:\/\/daniele-joly-peintre.com\/wp-content\/uploads\/2023\/10\/wonderfull-world-738x1024.jpg 738w, https:\/\/daniele-joly-peintre.com\/wp-content\/uploads\/2023\/10\/wonderfull-world-216x300.jpg 216w, https:\/\/daniele-joly-peintre.com\/wp-content\/uploads\/2023\/10\/wonderfull-world-768x1065.jpg 768w, https:\/\/daniele-joly-peintre.com\/wp-content\/uploads\/2023\/10\/wonderfull-world-144x200.jpg 144w, https:\/\/daniele-joly-peintre.com\/wp-content\/uploads\/2023\/10\/wonderfull-world.jpg 865w\" sizes=\"auto, (max-width: 738px) 100vw, 738px\" \/><\/a><\/figure>\n<\/div>\n\n\n\n<div class=\"wp-block-column is-layout-flow wp-block-column-is-layout-flow\" style=\"flex-basis:35%\">\n<p>Ondes du ciel<br>pluies bienfaisantes<br>arrosez-nous<br>afin que nos branches vivent<br>et que nos racines s&rsquo;\u00e9tendent<br>pour communiquer la vie et la force<br>pour que les \u00eatres humains<br>caressent nos troncs<br>en ressentant les ondes de vie et l&rsquo;amour<br>que les animaux et la terre<br>qui ont soif<br>se saoulent de cette eau pr\u00e9cieuse<br>puisque vous \u00eates la boisson de la terre<\/p>\n<\/div>\n<\/div>\n\n\n\n<hr class=\"wp-block-separator has-text-color has-accent-2-color has-alpha-channel-opacity has-accent-2-background-color has-background is-style-dots\"\/>\n\n\n\n<div class=\"wp-block-columns is-layout-flex wp-container-core-columns-is-layout-9d6595d7 wp-block-columns-is-layout-flex\">\n<div class=\"wp-block-column is-layout-flow wp-block-column-is-layout-flow\" style=\"flex-basis:20%\">\n<p>LE VAISSEAU FANT\u00d4ME<\/p>\n<\/div>\n\n\n\n<div class=\"wp-block-column is-layout-flow wp-block-column-is-layout-flow\">\n<figure class=\"wp-block-image size-large is-resized\"><a class=\"lightbox\" href=\"https:\/\/daniele-joly-peintre.com\/wp-content\/uploads\/2023\/10\/vaisseau-fantome-01.jpg\" rel=\"lightbox\"><img loading=\"lazy\" decoding=\"async\" width=\"785\" height=\"1024\" src=\"https:\/\/daniele-joly-peintre.com\/wp-content\/uploads\/2023\/10\/vaisseau-fantome-01-785x1024.jpg\" alt=\"\" class=\"wp-image-687\" style=\"width:undefinedpx\" srcset=\"https:\/\/daniele-joly-peintre.com\/wp-content\/uploads\/2023\/10\/vaisseau-fantome-01-785x1024.jpg 785w, https:\/\/daniele-joly-peintre.com\/wp-content\/uploads\/2023\/10\/vaisseau-fantome-01-230x300.jpg 230w, https:\/\/daniele-joly-peintre.com\/wp-content\/uploads\/2023\/10\/vaisseau-fantome-01-768x1002.jpg 768w, https:\/\/daniele-joly-peintre.com\/wp-content\/uploads\/2023\/10\/vaisseau-fantome-01-153x200.jpg 153w, https:\/\/daniele-joly-peintre.com\/wp-content\/uploads\/2023\/10\/vaisseau-fantome-01.jpg 920w\" sizes=\"auto, (max-width: 785px) 100vw, 785px\" \/><\/a><\/figure>\n<\/div>\n\n\n\n<div class=\"wp-block-column is-layout-flow wp-block-column-is-layout-flow\" style=\"flex-basis:35%\">\n<p>Tu suis le cours de ta rivi\u00e8re<br>ton bateau vogue lentement<br>car ton existence est tranquille<br>comme un fleuve rejoint l&rsquo;oc\u00e9an<br>embarque dans ce vaisseau ultime<br>le passeur avec rames et voiles<br>te fait traverser l&rsquo;eau des terres<br>avec tes d\u00e9sirs et tes r\u00eaves<br>enfin ces eaux myst\u00e9rieuses<br>te m\u00e8nent \u00e0 d\u00e9couvrir d&rsquo;autres ports<br>et tous les univers possibles<br>voire inqui\u00e9tants ou magnifiques<br>selon le choix ou va ta barque<br>certaines eaux myst\u00e9rieuses<br>traversant alors d&rsquo;autres mondes.<\/p>\n<\/div>\n<\/div>\n\n\n\n<hr class=\"wp-block-separator has-text-color has-accent-2-color has-alpha-channel-opacity has-accent-2-background-color has-background is-style-dots\"\/>\n\n\n\n<div class=\"wp-block-columns is-layout-flex wp-container-core-columns-is-layout-9d6595d7 wp-block-columns-is-layout-flex\">\n<div class=\"wp-block-column is-layout-flow wp-block-column-is-layout-flow\" style=\"flex-basis:20%\">\n<p>ESPRITS<\/p>\n<\/div>\n\n\n\n<div class=\"wp-block-column is-layout-flow wp-block-column-is-layout-flow\">\n<figure class=\"wp-block-image size-large is-resized\"><a class=\"lightbox\" href=\"https:\/\/daniele-joly-peintre.com\/wp-content\/uploads\/2023\/09\/Esprits.jpg\" rel=\"lightbox\"><img loading=\"lazy\" decoding=\"async\" width=\"719\" height=\"1024\" src=\"https:\/\/daniele-joly-peintre.com\/wp-content\/uploads\/2023\/09\/Esprits-719x1024.jpg\" alt=\"\" class=\"wp-image-245\" style=\"width:undefinedpx\" srcset=\"https:\/\/daniele-joly-peintre.com\/wp-content\/uploads\/2023\/09\/Esprits-719x1024.jpg 719w, https:\/\/daniele-joly-peintre.com\/wp-content\/uploads\/2023\/09\/Esprits-211x300.jpg 211w, https:\/\/daniele-joly-peintre.com\/wp-content\/uploads\/2023\/09\/Esprits-768x1093.jpg 768w, https:\/\/daniele-joly-peintre.com\/wp-content\/uploads\/2023\/09\/Esprits-141x200.jpg 141w, https:\/\/daniele-joly-peintre.com\/wp-content\/uploads\/2023\/09\/Esprits.jpg 843w\" sizes=\"auto, (max-width: 719px) 100vw, 719px\" \/><\/a><\/figure>\n<\/div>\n\n\n\n<div class=\"wp-block-column is-layout-flow wp-block-column-is-layout-flow\" style=\"flex-basis:35%\">\n<p>Noire pr\u00e9sence bouillonnant<br>dans les miasmes des corps<br>sombre bataille<br>flux de nuit traversant le terreau de ces chairs<br>noir dessein travaillant le cimeti\u00e8re humain<br>magie noire luttant dans ces sombres cerveaux<br>jusqu&rsquo;\u00e0 l&rsquo;or\u00e9e du jour<br>et l&rsquo;esprit qui s&rsquo;\u00e9l\u00e8ve<br>transformant ces horribles r\u00eaves<br>en pens\u00e9es d\u2019esp\u00e9rance<br>d\u2019o\u00f9 la clart\u00e9 jaillit<br>enfin vers la lumi\u00e8re.<\/p>\n<\/div>\n<\/div>\n\n\n\n<hr class=\"wp-block-separator has-text-color has-accent-2-color has-alpha-channel-opacity has-accent-2-background-color has-background is-style-dots\"\/>\n\n\n\n<div class=\"wp-block-columns is-layout-flex wp-container-core-columns-is-layout-9d6595d7 wp-block-columns-is-layout-flex\">\n<div class=\"wp-block-column is-layout-flow wp-block-column-is-layout-flow\" style=\"flex-basis:20%\">\n<p>PAIX ET JOIE<\/p>\n<\/div>\n\n\n\n<div class=\"wp-block-column is-layout-flow wp-block-column-is-layout-flow\">\n<figure class=\"wp-block-image size-large is-resized\"><a class=\"lightbox\" href=\"https:\/\/daniele-joly-peintre.com\/wp-content\/uploads\/2023\/10\/paie-et-joie-02.jpg\" rel=\"lightbox\"><img loading=\"lazy\" decoding=\"async\" width=\"678\" height=\"1024\" src=\"https:\/\/daniele-joly-peintre.com\/wp-content\/uploads\/2023\/10\/paie-et-joie-02-678x1024.jpg\" alt=\"\" class=\"wp-image-695\" style=\"width:undefinedpx\" srcset=\"https:\/\/daniele-joly-peintre.com\/wp-content\/uploads\/2023\/10\/paie-et-joie-02-678x1024.jpg 678w, https:\/\/daniele-joly-peintre.com\/wp-content\/uploads\/2023\/10\/paie-et-joie-02-199x300.jpg 199w, https:\/\/daniele-joly-peintre.com\/wp-content\/uploads\/2023\/10\/paie-et-joie-02-768x1159.jpg 768w, https:\/\/daniele-joly-peintre.com\/wp-content\/uploads\/2023\/10\/paie-et-joie-02-133x200.jpg 133w, https:\/\/daniele-joly-peintre.com\/wp-content\/uploads\/2023\/10\/paie-et-joie-02.jpg 795w\" sizes=\"auto, (max-width: 678px) 100vw, 678px\" \/><\/a><\/figure>\n<\/div>\n\n\n\n<div class=\"wp-block-column is-layout-flow wp-block-column-is-layout-flow\" style=\"flex-basis:35%\">\n<p>Les gens braves se sont soulev\u00e9s<br>contre les tyrans de tous poils<br>qui provoquent les guerres<br>pillent torturent massacrent<br>et font mourir de faim enfants femmes et hommes<br>Ils se sont r\u00e9unis<br>en r\u00e9voltes communes<br>esp\u00e9rant que pri\u00e8res et courage<br>apporteraient l&rsquo;espoir<br>de solutions humaines<br>Des miracles se sont produit<br>les \u00eatres bons de tous pays<br>ont expliqu\u00e9<br>que l\u2019\u00eatre humain aspire \u00e0 cette chose<br>l&rsquo;amour et le d\u00e9sir du vrai<br>procure une vie simple et belle<br>Alors s&rsquo;est install\u00e9 la paix<br>dans la merveilleuse nature<br>ce que les dieux nous promettaient depuis toujours<br>tous les bonheurs possibles<br>avec les mille couleurs de l&rsquo;existence .<\/p>\n<\/div>\n<\/div>\n\n\n\n<hr class=\"wp-block-separator has-text-color has-accent-2-color has-alpha-channel-opacity has-accent-2-background-color has-background is-style-dots\"\/>\n\n\n\n<div class=\"wp-block-columns is-layout-flex wp-container-core-columns-is-layout-9d6595d7 wp-block-columns-is-layout-flex\">\n<div class=\"wp-block-column is-layout-flow wp-block-column-is-layout-flow\" style=\"flex-basis:20%\">\n<p>JE SUIS CHARLIE<\/p>\n<\/div>\n\n\n\n<div class=\"wp-block-column is-layout-flow wp-block-column-is-layout-flow\">\n<figure class=\"wp-block-image size-large is-resized\"><a class=\"lightbox\" href=\"https:\/\/daniele-joly-peintre.com\/wp-content\/uploads\/2023\/10\/je-suis-charlie-01.jpg\" rel=\"lightbox\"><img loading=\"lazy\" decoding=\"async\" width=\"690\" height=\"1024\" src=\"https:\/\/daniele-joly-peintre.com\/wp-content\/uploads\/2023\/10\/je-suis-charlie-01-690x1024.jpg\" alt=\"\" class=\"wp-image-692\" style=\"width:undefinedpx\" srcset=\"https:\/\/daniele-joly-peintre.com\/wp-content\/uploads\/2023\/10\/je-suis-charlie-01-690x1024.jpg 690w, https:\/\/daniele-joly-peintre.com\/wp-content\/uploads\/2023\/10\/je-suis-charlie-01-202x300.jpg 202w, https:\/\/daniele-joly-peintre.com\/wp-content\/uploads\/2023\/10\/je-suis-charlie-01-768x1139.jpg 768w, https:\/\/daniele-joly-peintre.com\/wp-content\/uploads\/2023\/10\/je-suis-charlie-01-135x200.jpg 135w, https:\/\/daniele-joly-peintre.com\/wp-content\/uploads\/2023\/10\/je-suis-charlie-01.jpg 809w\" sizes=\"auto, (max-width: 690px) 100vw, 690px\" \/><\/a><\/figure>\n<\/div>\n\n\n\n<div class=\"wp-block-column is-layout-flow wp-block-column-is-layout-flow\" style=\"flex-basis:35%\">\n<p>Les d\u00e9mons arrivent<br>l&rsquo;horreur sans nom<br>t\u00eates explos\u00e9es , corps mutil\u00e9s<br>membres \u00e9parpill\u00e9s<br>et le sang qui barbouille<br>de rouge et de noir<br>ces restes de pauvres humains<br>jusqu&rsquo;\u00e0 la terre<br>dont ils sont pour toujours s\u00e9par\u00e9s<br>car elle arrive avec eux<br>la faucheuse la mort .<\/p>\n\n\n\n<p><\/p>\n<\/div>\n<\/div>\n\n\n\n<hr class=\"wp-block-separator has-text-color has-accent-2-color has-alpha-channel-opacity has-accent-2-background-color has-background is-style-dots\"\/>\n\n\n\n<div class=\"wp-block-columns is-layout-flex wp-container-core-columns-is-layout-9d6595d7 wp-block-columns-is-layout-flex\">\n<div class=\"wp-block-column is-layout-flow wp-block-column-is-layout-flow\" style=\"flex-basis:20%\">\n<p>VIVE LA LIBERT\u00c9<\/p>\n<\/div>\n\n\n\n<div class=\"wp-block-column is-layout-flow wp-block-column-is-layout-flow\">\n<figure class=\"wp-block-image size-large is-resized\"><a class=\"lightbox\" href=\"https:\/\/daniele-joly-peintre.com\/wp-content\/uploads\/2023\/10\/intro-01.jpg\" rel=\"lightbox\"><img loading=\"lazy\" decoding=\"async\" width=\"1024\" height=\"791\" src=\"https:\/\/daniele-joly-peintre.com\/wp-content\/uploads\/2023\/10\/intro-01-1024x791.jpg\" alt=\"\" class=\"wp-image-606\" style=\"width:undefinedpx\" srcset=\"https:\/\/daniele-joly-peintre.com\/wp-content\/uploads\/2023\/10\/intro-01-1024x791.jpg 1024w, https:\/\/daniele-joly-peintre.com\/wp-content\/uploads\/2023\/10\/intro-01-300x232.jpg 300w, https:\/\/daniele-joly-peintre.com\/wp-content\/uploads\/2023\/10\/intro-01-768x593.jpg 768w, https:\/\/daniele-joly-peintre.com\/wp-content\/uploads\/2023\/10\/intro-01-1536x1187.jpg 1536w, https:\/\/daniele-joly-peintre.com\/wp-content\/uploads\/2023\/10\/intro-01-259x200.jpg 259w, https:\/\/daniele-joly-peintre.com\/wp-content\/uploads\/2023\/10\/intro-01.jpg 1553w\" sizes=\"auto, (max-width: 1024px) 100vw, 1024px\" \/><\/a><\/figure>\n<\/div>\n\n\n\n<div class=\"wp-block-column is-layout-flow wp-block-column-is-layout-flow\" style=\"flex-basis:35%\">\n<p>Contre ceux qui s\u2019en vont en guerre<br>qui d\u00e9truisent les corps<br>qui \u00e9charpent les \u00e2mes<br>et voilent les consciences<br>ceux qui d\u00e9clenchent la haine<br>le m\u00e9pris<br>la terreur<br>nous sommes des rebelles<br>qui d\u00e9fendons nos corps<br>nous prot\u00e9geons nos c\u0153urs<br>nous refusons la soumission<br>nous ne serons jamais vaincues<br>nous sommes fortes et belles<br>brillantes et courageuses<br>nous serons toujours libres<br>et portons haut le flambeau de la vie.<\/p>\n\n\n\n<p><\/p>\n<\/div>\n<\/div>\n\n\n\n<hr class=\"wp-block-separator has-text-color has-accent-2-color has-alpha-channel-opacity has-accent-2-background-color has-background is-style-dots\"\/>\n\n\n\n<div class=\"wp-block-columns is-layout-flex wp-container-core-columns-is-layout-9d6595d7 wp-block-columns-is-layout-flex\">\n<div class=\"wp-block-column is-layout-flow wp-block-column-is-layout-flow\" style=\"flex-basis:20%\">\n<p>SOURCE DU VENT<\/p>\n<\/div>\n\n\n\n<div class=\"wp-block-column is-layout-flow wp-block-column-is-layout-flow\">\n<figure class=\"wp-block-image size-large is-resized\"><a class=\"lightbox\" href=\"https:\/\/daniele-joly-peintre.com\/wp-content\/uploads\/2023\/10\/source-du-vent-scaled.jpg\" rel=\"lightbox\"><img loading=\"lazy\" decoding=\"async\" width=\"828\" height=\"1024\" src=\"https:\/\/daniele-joly-peintre.com\/wp-content\/uploads\/2023\/10\/source-du-vent-828x1024.jpg\" alt=\"\" class=\"wp-image-679\" style=\"width:undefinedpx\" srcset=\"https:\/\/daniele-joly-peintre.com\/wp-content\/uploads\/2023\/10\/source-du-vent-828x1024.jpg 828w, https:\/\/daniele-joly-peintre.com\/wp-content\/uploads\/2023\/10\/source-du-vent-243x300.jpg 243w, https:\/\/daniele-joly-peintre.com\/wp-content\/uploads\/2023\/10\/source-du-vent-768x950.jpg 768w, https:\/\/daniele-joly-peintre.com\/wp-content\/uploads\/2023\/10\/source-du-vent-1242x1536.jpg 1242w, https:\/\/daniele-joly-peintre.com\/wp-content\/uploads\/2023\/10\/source-du-vent-1656x2048.jpg 1656w, https:\/\/daniele-joly-peintre.com\/wp-content\/uploads\/2023\/10\/source-du-vent-162x200.jpg 162w\" sizes=\"auto, (max-width: 828px) 100vw, 828px\" \/><\/a><\/figure>\n<\/div>\n\n\n\n<div class=\"wp-block-column is-layout-flow wp-block-column-is-layout-flow\" style=\"flex-basis:35%\">\n<p>La musique du vent<br>dans le tronc et les branches<br>de cet arbre mouvant<br>\u00e9parpille la joie<br>de son merveilleux corps<br>et la nature<br>heureuse comme une grande harpe<br>frissonne de concert .<br>Lui ,l\u2019\u00eatre du milieu<br>entre le ciel , la terre.<br>suit son beau mouvement<br>avec intelligence .<br>Il entre dans la danse<br>accompagnant toute son existence \u2026<\/p>\n\n\n\n<p><\/p>\n<\/div>\n<\/div>\n\n\n\n<hr class=\"wp-block-separator has-text-color has-accent-2-color has-alpha-channel-opacity has-accent-2-background-color has-background is-style-dots\"\/>\n\n\n\n<p><\/p>\n","protected":false},"excerpt":{"rendered":"<p>LA GRANDE BLEUE Je navigue joyeusementdans l&rsquo;oc\u00e9an de l&rsquo;existencetout me nourritet tout me bercela fluidit\u00e9 de cette merquand je remue dans son doux ventreou la coul\u00e9e le long du fleuveune myst\u00e9rieuse viequi me p\u00e9n\u00e8tre lentementdans une joie paisiblel&rsquo;apaisement le long des riveset du bonheur le long des r\u00eavesdans une \u00e9ternit\u00e9 &hellip;<\/p>\n","protected":false},"author":1,"featured_media":0,"parent":0,"menu_order":3,"comment_status":"closed","ping_status":"closed","template":"","meta":{"footnotes":""},"folder":[],"class_list":["post-12","page","type-page","status-publish","hentry"],"_links":{"self":[{"href":"https:\/\/daniele-joly-peintre.com\/index.php?rest_route=\/wp\/v2\/pages\/12","targetHints":{"allow":["GET"]}}],"collection":[{"href":"https:\/\/daniele-joly-peintre.com\/index.php?rest_route=\/wp\/v2\/pages"}],"about":[{"href":"https:\/\/daniele-joly-peintre.com\/index.php?rest_route=\/wp\/v2\/types\/page"}],"author":[{"embeddable":true,"href":"https:\/\/daniele-joly-peintre.com\/index.php?rest_route=\/wp\/v2\/users\/1"}],"replies":[{"embeddable":true,"href":"https:\/\/daniele-joly-peintre.com\/index.php?rest_route=%2Fwp%2Fv2%2Fcomments&post=12"}],"version-history":[{"count":60,"href":"https:\/\/daniele-joly-peintre.com\/index.php?rest_route=\/wp\/v2\/pages\/12\/revisions"}],"predecessor-version":[{"id":711,"href":"https:\/\/daniele-joly-peintre.com\/index.php?rest_route=\/wp\/v2\/pages\/12\/revisions\/711"}],"wp:attachment":[{"href":"https:\/\/daniele-joly-peintre.com\/index.php?rest_route=%2Fwp%2Fv2%2Fmedia&parent=12"}],"wp:term":[{"taxonomy":"folder","embeddable":true,"href":"https:\/\/daniele-joly-peintre.com\/index.php?rest_route=%2Fwp%2Fv2%2Ffolder&post=12"}],"curies":[{"name":"wp","href":"https:\/\/api.w.org\/{rel}","templated":true}]}}