{"id":8,"date":"2023-09-06T20:18:37","date_gmt":"2023-09-06T18:18:37","guid":{"rendered":"https:\/\/daniele-joly-peintre.com\/?page_id=8"},"modified":"2023-10-17T17:59:33","modified_gmt":"2023-10-17T15:59:33","slug":"accueil","status":"publish","type":"page","link":"https:\/\/daniele-joly-peintre.com\/","title":{"rendered":"Accueil"},"content":{"rendered":"\n<div class=\"wp-block-media-text is-stacked-on-mobile has-headings-background-color has-background\" style=\"grid-template-columns:47% auto\"><figure class=\"wp-block-media-text__media\"><a class=\"lightbox\" href=\"https:\/\/daniele-joly-peintre.com\/wp-content\/uploads\/2023\/10\/intro-01.jpg\" rel=\"lightbox\"><img loading=\"lazy\" decoding=\"async\" width=\"1024\" height=\"791\" src=\"https:\/\/daniele-joly-peintre.com\/wp-content\/uploads\/2023\/10\/intro-01-1024x791.jpg\" alt=\"Vive La Libert\u00e9\" class=\"wp-image-606 size-large\" srcset=\"https:\/\/daniele-joly-peintre.com\/wp-content\/uploads\/2023\/10\/intro-01-1024x791.jpg 1024w, https:\/\/daniele-joly-peintre.com\/wp-content\/uploads\/2023\/10\/intro-01-300x232.jpg 300w, https:\/\/daniele-joly-peintre.com\/wp-content\/uploads\/2023\/10\/intro-01-768x593.jpg 768w, https:\/\/daniele-joly-peintre.com\/wp-content\/uploads\/2023\/10\/intro-01-1536x1187.jpg 1536w, https:\/\/daniele-joly-peintre.com\/wp-content\/uploads\/2023\/10\/intro-01-259x200.jpg 259w, https:\/\/daniele-joly-peintre.com\/wp-content\/uploads\/2023\/10\/intro-01.jpg 1553w\" sizes=\"auto, (max-width: 1024px) 100vw, 1024px\" \/><\/a><\/figure><div class=\"wp-block-media-text__content\">\n<p>Depuis l\u2019enfance , je lisais ,  dessinais , \u00e9crivais des textes , des po\u00e8mes, ,je chantais . Je m\u2019int\u00e9ressais \u00e0 la philosophie , aux arts , \u00e0 la politique . J\u2019\u00e9tais pr\u00e9coce et passionn\u00e9e par ces mondes.<\/p>\n\n\n\n<p>D\u00e9j\u00e0, adolescente ,  j\u2019avais expos\u00e9 des \u0153uvres dans des galeries ( cf. galerie Bourlaouen ) ou chez des amis (en Vend\u00e9e ). J\u2019ai fait un apprentissage chez Robert Tatin \u00e0 la Freinouse , pr\u00e8s de Laval, .avec lui , j\u2019ai fait de la ma\u00e7onnerie,  pour ses statues g\u00e9antes,  transform\u00e9 un cellier en petite galerie .<br><br>Tatin \u00e9tait un grand maitre pour moi , il m\u2019a appris \u00e0 utiliser mon imagination , \u00e0 me d\u00e9passer , \u00e0 travailler beaucoup . Un artiste doit poss\u00e9der des valeurs importantes ,en plus de son talent et les partager avec les autres .Il a un r\u00f4le de d\u00e9couvreur. J\u2019ai donc encore \u00e9largi mes recherches et beaucoup travaill\u00e9, Apr\u00e8s un drame dans ma vie,  j\u2019ai recommenc\u00e9 des \u00e9tudes et les dipl\u00f4mes acquis m\u2019ont permis d\u2019exercer le m\u00e9tier de professeur de lettres (et histoire !) puis psychologue du travail. J\u2019ai toujours continu\u00e9 \u00e0 peindre, \u00e9crire,  faire des recherches dans les domaines qui me passionnent,  cela alimente ma vie et m\u2019inspirent des sujets :  le cin\u00e9ma , la science fiction , la politique , la vie des gens\u2026J\u2019utilise un m\u00e9dia sur n\u2019importe quel support pour vu que \u00e7a suscite des sentiments , excite l\u2019imagination et touche l\u2019inconscient du spectateur .<br><br> Je poss\u00e8de un style particulier qui trouve son inspiration dans une intuition ou une vision personnelle. Depuis quelques ann\u00e9es , je suis reconnue comme artiste professionnelle (peintre ,autrice ,po\u00e8te avec un SIRET et un num\u00e9ro \u00e0 la maison des artistes de Paris ). Mes tableaux parlent de mes d\u00e9couvertes personnelles , des al\u00e9as de mon existence , et des probl\u00e8mes de notre monde actuel , compl\u00e8tement boulevers\u00e9 . Il y a sensualit\u00e9 , passion , col\u00e8re dans ce que je dis . En ce moment , mes th\u00e8mes sont la d\u00e9fense de la libert\u00e9 , l\u2019\u00e9cologie , la justice , la spiritualit\u00e9 .J\u2019aime les couleurs , le rythme , la couleur ,mais avant tout la lumi\u00e8re, dans toutes ses dimensions !\u2026<\/p>\n\n\n\n<p class=\"has-text-align-left\"><\/p>\n<\/div><\/div>\n\n\n\n<p>Vive La Libert\u00e9 &#8211; Acrylique sur Toile  73&#215;54 cm<\/p>\n","protected":false},"excerpt":{"rendered":"<p>Depuis l\u2019enfance , je lisais , dessinais , \u00e9crivais des textes , des po\u00e8mes, ,je chantais . Je m\u2019int\u00e9ressais \u00e0 la philosophie , aux arts , \u00e0 la politique . J\u2019\u00e9tais pr\u00e9coce et passionn\u00e9e par ces mondes. D\u00e9j\u00e0, adolescente , j\u2019avais expos\u00e9 des \u0153uvres dans des galeries ( cf. galerie &hellip;<\/p>\n","protected":false},"author":1,"featured_media":0,"parent":0,"menu_order":1,"comment_status":"closed","ping_status":"closed","template":"","meta":{"footnotes":""},"folder":[],"class_list":["post-8","page","type-page","status-publish","hentry"],"_links":{"self":[{"href":"https:\/\/daniele-joly-peintre.com\/index.php?rest_route=\/wp\/v2\/pages\/8","targetHints":{"allow":["GET"]}}],"collection":[{"href":"https:\/\/daniele-joly-peintre.com\/index.php?rest_route=\/wp\/v2\/pages"}],"about":[{"href":"https:\/\/daniele-joly-peintre.com\/index.php?rest_route=\/wp\/v2\/types\/page"}],"author":[{"embeddable":true,"href":"https:\/\/daniele-joly-peintre.com\/index.php?rest_route=\/wp\/v2\/users\/1"}],"replies":[{"embeddable":true,"href":"https:\/\/daniele-joly-peintre.com\/index.php?rest_route=%2Fwp%2Fv2%2Fcomments&post=8"}],"version-history":[{"count":49,"href":"https:\/\/daniele-joly-peintre.com\/index.php?rest_route=\/wp\/v2\/pages\/8\/revisions"}],"predecessor-version":[{"id":674,"href":"https:\/\/daniele-joly-peintre.com\/index.php?rest_route=\/wp\/v2\/pages\/8\/revisions\/674"}],"wp:attachment":[{"href":"https:\/\/daniele-joly-peintre.com\/index.php?rest_route=%2Fwp%2Fv2%2Fmedia&parent=8"}],"wp:term":[{"taxonomy":"folder","embeddable":true,"href":"https:\/\/daniele-joly-peintre.com\/index.php?rest_route=%2Fwp%2Fv2%2Ffolder&post=8"}],"curies":[{"name":"wp","href":"https:\/\/api.w.org\/{rel}","templated":true}]}}